{"id":10,"date":"2025-05-30T06:31:25","date_gmt":"2025-05-30T06:31:25","guid":{"rendered":"http:\/\/localhost\/check\/index.php\/cart\/"},"modified":"2025-05-30T06:31:25","modified_gmt":"2025-05-30T06:31:25","slug":"cart","status":"publish","type":"page","link":"https:\/\/druku3d.expert\/?page_id=10","title":{"rendered":"Cart"},"content":{"rendered":"\n<div data-block-name=\"woocommerce\/cart\" class=\"wp-block-woocommerce-cart alignwide is-loading\">\n<div data-block-name=\"woocommerce\/filled-cart-block\" class=\"wp-block-woocommerce-filled-cart-block\">\n<div data-block-name=\"woocommerce\/cart-items-block\" class=\"wp-block-woocommerce-cart-items-block\">\n<div data-block-name=\"woocommerce\/cart-line-items-block\" class=\"wp-block-woocommerce-cart-line-items-block\"><\/div>\n\n\n\n<div data-block-name=\"woocommerce\/cart-cross-sells-block\" class=\"wp-block-woocommerce-cart-cross-sells-block\">\n<h2 class=\"wp-block-heading has-large-font-size\">You may be interested in\u2026<\/h2>\n\n\n\n<div data-block-name=\"woocommerce\/cart-cross-sells-products-block\" class=\"wp-block-woocommerce-cart-cross-sells-products-block\"><\/div>\n<\/div>\n<\/div>\n\n\n\n<div data-block-name=\"woocommerce\/cart-totals-block\" class=\"wp-block-woocommerce-cart-totals-block\">\n<div data-block-name=\"woocommerce\/cart-order-summary-block\" class=\"wp-block-woocommerce-cart-order-summary-block\">\n<div data-block-name=\"woocommerce\/cart-order-summary-heading-block\" class=\"wp-block-woocommerce-cart-order-summary-heading-block\"><\/div><div data-block-name=\"woocommerce\/cart-order-summary-coupon-form-block\" class=\"wp-block-woocommerce-cart-order-summary-coupon-form-block\"><\/div><div data-block-name=\"woocommerce\/cart-order-summary-totals-block\" class=\"wp-block-woocommerce-cart-order-summary-totals-block\">\n<div data-block-name=\"woocommerce\/cart-order-summary-subtotal-block\" class=\"wp-block-woocommerce-cart-order-summary-subtotal-block\"><\/div>\n<div data-block-name=\"woocommerce\/cart-order-summary-discount-block\" class=\"wp-block-woocommerce-cart-order-summary-discount-block\"><\/div>\n<div data-block-name=\"woocommerce\/cart-order-summary-fee-block\" class=\"wp-block-woocommerce-cart-order-summary-fee-block\"><\/div>\n<div data-block-name=\"woocommerce\/cart-order-summary-shipping-block\" class=\"wp-block-woocommerce-cart-order-summary-shipping-block\"><\/div>\n<div data-block-name=\"woocommerce\/cart-order-summary-taxes-block\" class=\"wp-block-woocommerce-cart-order-summary-taxes-block\"><\/div><\/div>\n<\/div>\n\n\n\n<div data-block-name=\"woocommerce\/cart-express-payment-block\" class=\"wp-block-woocommerce-cart-express-payment-block\"><\/div>\n\n\n\n<div data-block-name=\"woocommerce\/proceed-to-checkout-block\" class=\"wp-block-woocommerce-proceed-to-checkout-block\"><\/div>\n\n\n\n<div data-block-name=\"woocommerce\/cart-accepted-payment-methods-block\" class=\"wp-block-woocommerce-cart-accepted-payment-methods-block\"><\/div>\n<\/div>\n<\/div>\n\n\n\n<div data-block-name=\"woocommerce\/empty-cart-block\" class=\"wp-block-woocommerce-empty-cart-block\">\n<h2 class=\"wp-block-heading has-text-align-center with-empty-cart-icon wc-block-cart__empty-cart__title\">Your cart is currently empty!<\/h2>\n\n\n\n<hr class=\"wp-block-separator has-alpha-channel-opacity is-style-dots\"\/>\n\n\n\n<h2 class=\"wp-block-heading has-text-align-center\">New in store<\/h2>\n\n\n<div data-block-name=\"woocommerce\/product-new\" data-columns=\"4\" data-rows=\"1\" class=\"wc-block-grid wp-block-product-new wp-block-woocommerce-product-new wc-block-product-new has-4-columns\"><ul class=\"wc-block-grid__products\"><li class=\"wc-block-grid__product\">\n\t\t\t\t\t<a href=\"https:\/\/druku3d.expert\/?product=filament-175mm-pla-bambu-lab-basic-red-czerwony-refill-bez-szpuli-1kg\" class=\"wc-block-grid__product-link\">\n\t\t\t\t\t\t\n\t\t\t\t\t\t<div class=\"wc-block-grid__product-image\"><img fetchpriority=\"high\" decoding=\"async\" width=\"500\" height=\"653\" src=\"https:\/\/druku3d.expert\/wp-content\/uploads\/2025\/12\/583af8594578be81554c082b206c-1-500x653.jpg\" class=\"attachment-woocommerce_thumbnail size-woocommerce_thumbnail\" alt=\"Filament 1,75mm PLA Bambu Lab Basic Red Czerwony Refill bez szpuli 1kg\" \/><\/div>\n\t\t\t\t\t<\/a>\n\t\t\t\t\t<a href=\"https:\/\/druku3d.expert\/?product=filament-175mm-pla-bambu-lab-basic-red-czerwony-refill-bez-szpuli-1kg\" class=\"wc-block-grid__product-title-group\">\n\t\t\t\t\t\t<div class=\"wc-block-grid__product-title\">Filament 1,75mm PLA Bambu Lab Basic Red Czerwony Refill bez szpuli 1kg<\/div>\n\t\t\t\t\t<\/a>\n\t\t\t\t\t<div class=\"wc-block-grid__product-price price\"><span class=\"woocommerce-Price-amount amount\">69.50<span class=\"woocommerce-Price-currencySymbol\">&#122;&#322;<\/span><\/span><\/div>\n\t\t\t\t\t\n\t\t\t\t\t<div class=\"wp-block-button wc-block-grid__product-add-to-cart\"><a href=\"\/index.php?rest_route=%2Fwp%2Fv2%2Fpages%2F10&#038;add-to-cart=11640\" aria-label=\"Add to cart: &ldquo;Filament 1,75mm PLA Bambu Lab Basic Red Czerwony Refill bez szpuli 1kg&rdquo;\" data-quantity=\"1\" data-product_id=\"11640\" data-product_sku=\"\" data-price=\"69.5\" rel=\"nofollow\" class=\"wp-block-button__link  add_to_cart_button ajax_add_to_cart\">Add to cart<\/a><\/div>\n\t\t\t\t<\/li><li class=\"wc-block-grid__product\">\n\t\t\t\t\t<a href=\"https:\/\/druku3d.expert\/?product=filament-175mm-pla-bambu-lab-basic-yellow-zolty-refill-bez-szpuli-1kg\" class=\"wc-block-grid__product-link\">\n\t\t\t\t\t\t\n\t\t\t\t\t\t<div class=\"wc-block-grid__product-image\"><img decoding=\"async\" width=\"500\" height=\"653\" src=\"https:\/\/druku3d.expert\/wp-content\/uploads\/2025\/12\/de31bea848e785206341926af4b3-500x653.jpg\" class=\"attachment-woocommerce_thumbnail size-woocommerce_thumbnail\" alt=\"Filament 1,75mm PLA Bambu Lab Basic Yellow \u017b\u00f3\u0142ty Refill bez szpuli 1kg\" \/><\/div>\n\t\t\t\t\t<\/a>\n\t\t\t\t\t<a href=\"https:\/\/druku3d.expert\/?product=filament-175mm-pla-bambu-lab-basic-yellow-zolty-refill-bez-szpuli-1kg\" class=\"wc-block-grid__product-title-group\">\n\t\t\t\t\t\t<div class=\"wc-block-grid__product-title\">Filament 1,75mm PLA Bambu Lab Basic Yellow \u017b\u00f3\u0142ty Refill bez szpuli 1kg<\/div>\n\t\t\t\t\t<\/a>\n\t\t\t\t\t<div class=\"wc-block-grid__product-price price\"><span class=\"woocommerce-Price-amount amount\">67.99<span class=\"woocommerce-Price-currencySymbol\">&#122;&#322;<\/span><\/span><\/div>\n\t\t\t\t\t\n\t\t\t\t\t<div class=\"wp-block-button wc-block-grid__product-add-to-cart\"><a href=\"\/index.php?rest_route=%2Fwp%2Fv2%2Fpages%2F10&#038;add-to-cart=11636\" aria-label=\"Add to cart: &ldquo;Filament 1,75mm PLA Bambu Lab Basic Yellow \u017b\u00f3\u0142ty Refill bez szpuli 1kg&rdquo;\" data-quantity=\"1\" data-product_id=\"11636\" data-product_sku=\"\" data-price=\"67.99\" rel=\"nofollow\" class=\"wp-block-button__link  add_to_cart_button ajax_add_to_cart\">Add to cart<\/a><\/div>\n\t\t\t\t<\/li><li class=\"wc-block-grid__product\">\n\t\t\t\t\t<a href=\"https:\/\/druku3d.expert\/?product=filament-175mm-pla-bambu-lab-basic-indigo-purple-ciemny-fiolet-refill-1kg\" class=\"wc-block-grid__product-link\">\n\t\t\t\t\t\t\n\t\t\t\t\t\t<div class=\"wc-block-grid__product-image\"><img decoding=\"async\" width=\"500\" height=\"653\" src=\"https:\/\/druku3d.expert\/wp-content\/uploads\/2025\/12\/a15e11c145e69844d8fe3b4fe7ac-1-500x653.jpg\" class=\"attachment-woocommerce_thumbnail size-woocommerce_thumbnail\" alt=\"Filament 1,75mm PLA Bambu Lab Basic Indigo Purple Ciemny Fiolet Refill 1kg\" \/><\/div>\n\t\t\t\t\t<\/a>\n\t\t\t\t\t<a href=\"https:\/\/druku3d.expert\/?product=filament-175mm-pla-bambu-lab-basic-indigo-purple-ciemny-fiolet-refill-1kg\" class=\"wc-block-grid__product-title-group\">\n\t\t\t\t\t\t<div class=\"wc-block-grid__product-title\">Filament 1,75mm PLA Bambu Lab Basic Indigo Purple Ciemny Fiolet Refill 1kg<\/div>\n\t\t\t\t\t<\/a>\n\t\t\t\t\t<div class=\"wc-block-grid__product-price price\"><span class=\"woocommerce-Price-amount amount\">74.79<span class=\"woocommerce-Price-currencySymbol\">&#122;&#322;<\/span><\/span><\/div>\n\t\t\t\t\t\n\t\t\t\t\t<div class=\"wp-block-button wc-block-grid__product-add-to-cart\"><a href=\"\/index.php?rest_route=%2Fwp%2Fv2%2Fpages%2F10&#038;add-to-cart=11632\" aria-label=\"Add to cart: &ldquo;Filament 1,75mm PLA Bambu Lab Basic Indigo Purple Ciemny Fiolet Refill 1kg&rdquo;\" data-quantity=\"1\" data-product_id=\"11632\" data-product_sku=\"\" data-price=\"74.79\" rel=\"nofollow\" class=\"wp-block-button__link  add_to_cart_button ajax_add_to_cart\">Add to cart<\/a><\/div>\n\t\t\t\t<\/li><li class=\"wc-block-grid__product\">\n\t\t\t\t\t<a href=\"https:\/\/druku3d.expert\/?product=filament-175mm-pla-bambu-lab-basic-jade-white-bialy-refill-bez-szpuli-1kg\" class=\"wc-block-grid__product-link\">\n\t\t\t\t\t\t\n\t\t\t\t\t\t<div class=\"wc-block-grid__product-image\"><img loading=\"lazy\" decoding=\"async\" width=\"500\" height=\"653\" src=\"https:\/\/druku3d.expert\/wp-content\/uploads\/2025\/12\/df00115542c3888e82244542b647-500x653.jpg\" class=\"attachment-woocommerce_thumbnail size-woocommerce_thumbnail\" alt=\"Filament 1,75mm PLA Bambu Lab Basic Jade White Bia\u0142y Refill bez szpuli 1kg\" \/><\/div>\n\t\t\t\t\t<\/a>\n\t\t\t\t\t<a href=\"https:\/\/druku3d.expert\/?product=filament-175mm-pla-bambu-lab-basic-jade-white-bialy-refill-bez-szpuli-1kg\" class=\"wc-block-grid__product-title-group\">\n\t\t\t\t\t\t<div class=\"wc-block-grid__product-title\">Filament 1,75mm PLA Bambu Lab Basic Jade White Bia\u0142y Refill bez szpuli 1kg<\/div>\n\t\t\t\t\t<\/a>\n\t\t\t\t\t<div class=\"wc-block-grid__product-price price\"><span class=\"woocommerce-Price-amount amount\">65.95<span class=\"woocommerce-Price-currencySymbol\">&#122;&#322;<\/span><\/span><\/div>\n\t\t\t\t\t\n\t\t\t\t\t<div class=\"wp-block-button wc-block-grid__product-add-to-cart\"><a href=\"\/index.php?rest_route=%2Fwp%2Fv2%2Fpages%2F10&#038;add-to-cart=11628\" aria-label=\"Add to cart: &ldquo;Filament 1,75mm PLA Bambu Lab Basic Jade White Bia\u0142y Refill bez szpuli 1kg&rdquo;\" data-quantity=\"1\" data-product_id=\"11628\" data-product_sku=\"\" data-price=\"65.95\" rel=\"nofollow\" class=\"wp-block-button__link  add_to_cart_button ajax_add_to_cart\">Add to cart<\/a><\/div>\n\t\t\t\t<\/li><\/ul><\/div><\/div>\n<\/div>\n","protected":false},"excerpt":{"rendered":"","protected":false},"author":1,"featured_media":0,"parent":0,"menu_order":0,"comment_status":"closed","ping_status":"closed","template":"","meta":{"footnotes":""},"class_list":["post-10","page","type-page","status-publish","hentry"],"_links":{"self":[{"href":"https:\/\/druku3d.expert\/index.php?rest_route=\/wp\/v2\/pages\/10","targetHints":{"allow":["GET"]}}],"collection":[{"href":"https:\/\/druku3d.expert\/index.php?rest_route=\/wp\/v2\/pages"}],"about":[{"href":"https:\/\/druku3d.expert\/index.php?rest_route=\/wp\/v2\/types\/page"}],"author":[{"embeddable":true,"href":"https:\/\/druku3d.expert\/index.php?rest_route=\/wp\/v2\/users\/1"}],"replies":[{"embeddable":true,"href":"https:\/\/druku3d.expert\/index.php?rest_route=%2Fwp%2Fv2%2Fcomments&post=10"}],"version-history":[{"count":0,"href":"https:\/\/druku3d.expert\/index.php?rest_route=\/wp\/v2\/pages\/10\/revisions"}],"wp:attachment":[{"href":"https:\/\/druku3d.expert\/index.php?rest_route=%2Fwp%2Fv2%2Fmedia&parent=10"}],"curies":[{"name":"wp","href":"https:\/\/api.w.org\/{rel}","templated":true}]}}